{"id":59424,"date":"2026-03-23T10:55:10","date_gmt":"2026-03-23T09:55:10","guid":{"rendered":"https:\/\/weisetech.dev\/fc-barcelona-noticias\/en\/fc-barcelona-statistics-laliga-2025-26\/"},"modified":"2026-03-31T08:46:03","modified_gmt":"2026-03-31T06:46:03","slug":"fc-barcelona-statistics-laliga-2025-26","status":"publish","type":"page","link":"https:\/\/www.fcbarcelonanoticias.com\/en\/fc-barcelona-statistics-laliga-2025-26.html","title":{"rendered":"Estad\u00edsticas del FC\u00a0Barcelona en\u00a0LaLiga\u00a02025\/26"},"content":{"rendered":"<div class=\"calendar-page\">\n<div class=\"row row-content\">\n<div class=\"col-xs-12 col-sm-12 col-md-12 col-lg-12\">\n<div class=\"csl-inner csl-hot\"><!--   Este c\u00f3digo contiene \u00fanicamente el cuerpo (body) de la p\u00e1gina de estad\u00edsticas de LaLiga   para la temporada 2025\u201126. Est\u00e1 pensado para ser insertado dentro del sistema de   plantillas de www.fcbarcelonanoticias.com sin modificar la cabecera ni el pie de   p\u00e1gina globales. Todas las clases y estilos est\u00e1n prefijados con   \"fcbn-statistics\" para evitar conflictos con el CSS existente.  Adem\u00e1s se   incluyen datos estructurados (BreadcrumbList y SportsSeason) para SEO. --><\/p>\n<div class=\"fcbn-statistics\"><!-- Estilos encapsulados para la secci\u00f3n de estad\u00edsticas --> <!-- Men\u00fa de pesta\u00f1as --><\/p>\n<nav class=\"fcbn-statistics-menu\" aria-label=\"Men\u00fa de estad\u00edsticas\">\n<ul>\n<li><a href=\"https:\/\/www.fcbarcelonanoticias.com\/estadisticas-fc-barcelona-2025-2026.html\">Bar\u00e7a<\/a><\/li>\n<li><a class=\"active\" href=\"https:\/\/www.fcbarcelonanoticias.com\/estadisticas-fc-barcelona-laliga-2025-26.html\">LaLiga<\/a><\/li>\n<li><a href=\"https:\/\/www.fcbarcelonanoticias.com\/estadisticas-fc-barcelona-champions-league-2025-26.html\">Champions<\/a><\/li>\n<li><a href=\"https:\/\/www.fcbarcelonanoticias.com\/estadisticas-fc-barcelona-copa-rey-2025-26.html\">Copa<\/a><\/li>\n<\/ul>\n<\/nav>\n<p><!-- T\u00edtulo e introducci\u00f3n adaptados --><\/p>\n<h1>Estad\u00edsticas del FC\u00a0Barcelona en\u00a0LaLiga\u00a02025\/26<\/h1>\n<p>En esta p\u00e1gina encontrar\u00e1s el resumen completo de las estad\u00edsticas del FC\u00a0Barcelona en la LaLiga EA\u00a0Sports 2025\u201126.<\/p>\n<p>Se incluyen partidos jugados, victorias, empates y derrotas, as\u00ed como goles a favor y en contra, tanto en casa como a domicilio. <strong>Navega por el men\u00fa superior para consultar las estad\u00edsticas de otras competiciones<\/strong>.<\/p>\n<p><!-- Tabla de estad\u00edsticas --><\/p>\n<div id=\"tabla-estadisticas\" class=\"fcbn-statistics-table-container\">\n<table class=\"fcbn-statistics-table\">\n<thead>\n<tr>\n<th>Estad\u00edsticas<br \/>\nprincipales<\/th>\n<th>LaLiga<br \/>\n<span class=\"no-break\">2025\/26<\/span><\/th>\n<th>En casa<br \/>\n<span class=\"no-break\">(Local)<\/span><\/th>\n<th>Fuera<br \/>\n<span class=\"no-break\">(Visit)<\/span><\/th>\n<\/tr>\n<\/thead>\n<tbody>\n<tr>\n<td style=\"text-align: left;\">Partidos jugados<\/td>\n<td>12<\/td>\n<td>5<\/td>\n<td>7<\/td>\n<\/tr>\n<tr>\n<td style=\"text-align: left;\">Partidos ganados<\/td>\n<td>9<\/td>\n<td>5<\/td>\n<td>4<\/td>\n<\/tr>\n<tr>\n<td style=\"text-align: left;\">Partidos perdidos<\/td>\n<td>2<\/td>\n<td>0<\/td>\n<td>2<\/td>\n<\/tr>\n<tr>\n<td style=\"text-align: left;\">Partidos empatados<\/td>\n<td>1<\/td>\n<td>0<\/td>\n<td>1<\/td>\n<\/tr>\n<tr>\n<td style=\"text-align: left;\">Promedio de partidos ganados<\/td>\n<td>75%<\/td>\n<td>100%<\/td>\n<td>57%<\/td>\n<\/tr>\n<tr>\n<td style=\"text-align: left;\">Promedio de partidos perdidos<\/td>\n<td>16%<\/td>\n<td>0%<\/td>\n<td>28%<\/td>\n<\/tr>\n<tr>\n<td style=\"text-align: left;\">Promedio de partidos empatados<\/td>\n<td>9%<\/td>\n<td>0%<\/td>\n<td>15%<\/td>\n<\/tr>\n<tr>\n<td style=\"text-align: left;\">Goles a favor<\/td>\n<td>32<\/td>\n<td>16<\/td>\n<td>16<\/td>\n<\/tr>\n<tr>\n<td style=\"text-align: left;\">Promedio de goles a favor<\/td>\n<td>2,66<\/td>\n<td>3,20<\/td>\n<td>2,28<\/td>\n<\/tr>\n<tr>\n<td style=\"text-align: left;\">Goles en contra<\/td>\n<td>15<\/td>\n<td>3<\/td>\n<td>12<\/td>\n<\/tr>\n<tr>\n<td style=\"text-align: left;\">Promedio de goles en contra<\/td>\n<td>1,25<\/td>\n<td>0,60<\/td>\n<td>1,77<\/td>\n<\/tr>\n<tr>\n<td style=\"text-align: left;\">Goles de jugada<\/td>\n<td>22<\/td>\n<td>14<\/td>\n<td>8<\/td>\n<\/tr>\n<tr>\n<td style=\"text-align: left;\">Goles de cabeza<\/td>\n<td>6<\/td>\n<td>2<\/td>\n<td>4<\/td>\n<\/tr>\n<tr>\n<td style=\"text-align: left;\">Goles de tiro libre<\/td>\n<td>0<\/td>\n<td>0<\/td>\n<td>0<\/td>\n<\/tr>\n<tr>\n<td style=\"text-align: left;\">Goles de c\u00f3rner<\/td>\n<td>1<\/td>\n<td>0<\/td>\n<td>1<\/td>\n<\/tr>\n<tr>\n<td style=\"text-align: left;\">Goles de penalti<\/td>\n<td>2<\/td>\n<td>0<\/td>\n<td>2<\/td>\n<\/tr>\n<tr>\n<td style=\"text-align: left;\">Goles en propia puerta a favor<\/td>\n<td>1<\/td>\n<td>0<\/td>\n<td>1<\/td>\n<\/tr>\n<tr>\n<td style=\"text-align: left;\">Goles anulados<\/td>\n<td>0<\/td>\n<td>0<\/td>\n<td>0<\/td>\n<\/tr>\n<tr>\n<td style=\"text-align: left;\">Tiros al palo<\/td>\n<td>12<\/td>\n<td>5<\/td>\n<td>7<\/td>\n<\/tr>\n<tr>\n<td style=\"text-align: left;\">Asistencias de gol<\/td>\n<td>19<\/td>\n<td>11<\/td>\n<td>8<\/td>\n<\/tr>\n<tr>\n<td style=\"text-align: left;\">Corners a favor<\/td>\n<td>82<\/td>\n<td>37<\/td>\n<td>45<\/td>\n<\/tr>\n<tr>\n<td style=\"text-align: left;\">Partidos seguidos ganando (ACTUAL)<\/td>\n<td>2<\/td>\n<td>5<\/td>\n<td>1<\/td>\n<\/tr>\n<tr>\n<td style=\"text-align: left;\">Partidos seguidos ganando (R\u00c9CORD)<\/td>\n<td>4<\/td>\n<td>5<\/td>\n<td>2<\/td>\n<\/tr>\n<tr>\n<td style=\"text-align: left;\">Partidos seguidos perdiendo (ACTUAL)<\/td>\n<td>0<\/td>\n<td>0<\/td>\n<td>0<\/td>\n<\/tr>\n<tr>\n<td style=\"text-align: left;\">Partidos seguidos perdiendo (R\u00c9CORD)<\/td>\n<td>1<\/td>\n<td>0<\/td>\n<td>2<\/td>\n<\/tr>\n<tr>\n<td style=\"text-align: left;\">Partidos seguidos empatando (ACTUAL)<\/td>\n<td>0<\/td>\n<td>0<\/td>\n<td>0<\/td>\n<\/tr>\n<tr>\n<td style=\"text-align: left;\">Partidos seguidos empatando (R\u00c9CORD)<\/td>\n<td>1<\/td>\n<td>0<\/td>\n<td>1<\/td>\n<\/tr>\n<tr>\n<td style=\"text-align: left;\">Partidos seguidos sin ganar (ACTUAL)<\/td>\n<td>0<\/td>\n<td>0<\/td>\n<td>0<\/td>\n<\/tr>\n<tr>\n<td style=\"text-align: left;\">Partidos seguidos sin ganar (R\u00c9CORD)<\/td>\n<td>1<\/td>\n<td>0<\/td>\n<td>2<\/td>\n<\/tr>\n<tr>\n<td style=\"text-align: left;\">Partidos marcando gol (TOTAL)<\/td>\n<td>12<\/td>\n<td>5<\/td>\n<td>7<\/td>\n<\/tr>\n<tr>\n<td style=\"text-align: left;\">Partidos seguidos marcando gol (ACTUAL)<\/td>\n<td>12<\/td>\n<td>5<\/td>\n<td>7<\/td>\n<\/tr>\n<tr>\n<td style=\"text-align: left;\">Partidos seguidos marcando gol (R\u00c9CORD)<\/td>\n<td>12<\/td>\n<td>5<\/td>\n<td>7<\/td>\n<\/tr>\n<tr>\n<td style=\"text-align: left;\">Partidos sin marcar gol (TOTAL)<\/td>\n<td>0<\/td>\n<td>0<\/td>\n<td>0<\/td>\n<\/tr>\n<tr>\n<td style=\"text-align: left;\">Partidos seguidos sin marcar gol (ACTUAL)<\/td>\n<td>0<\/td>\n<td>0<\/td>\n<td>0<\/td>\n<\/tr>\n<tr>\n<td style=\"text-align: left;\">Partidos seguidos sin marcar gol (R\u00c9CORD)<\/td>\n<td>0<\/td>\n<td>0<\/td>\n<td>0<\/td>\n<\/tr>\n<tr>\n<td style=\"text-align: left;\">Partidos sin goles en contra (TOTAL)<\/td>\n<td>3<\/td>\n<td>2<\/td>\n<td>1<\/td>\n<\/tr>\n<tr>\n<td style=\"text-align: left;\">Partidos seguidos sin goles en contra (ACTUAL)<\/td>\n<td>0<\/td>\n<td>0<\/td>\n<td>0<\/td>\n<\/tr>\n<tr>\n<td style=\"text-align: left;\">Partidos seguidos sin goles en contra (R\u00c9CORD)<\/td>\n<td>2<\/td>\n<td>2<\/td>\n<td>1<\/td>\n<\/tr>\n<tr>\n<td style=\"text-align: left;\">Partidos con goles en contra (TOTAL)<\/td>\n<td>8<\/td>\n<td>3<\/td>\n<td>5<\/td>\n<\/tr>\n<tr>\n<td style=\"text-align: left;\">Partidos seguidos con goles en contra (ACTUAL)<\/td>\n<td>7<\/td>\n<td>3<\/td>\n<td>6<\/td>\n<\/tr>\n<tr>\n<td style=\"text-align: left;\">Partidos seguidos con goles en contra (R\u00c9CORD)<\/td>\n<td>7<\/td>\n<td>3<\/td>\n<td>6<\/td>\n<\/tr>\n<tr>\n<td style=\"text-align: left;\">Mayor victoria<\/td>\n<td>6-0<\/td>\n<td>6-0<\/td>\n<td>2-4<\/td>\n<\/tr>\n<tr>\n<td style=\"text-align: left;\">Mayor derrota<\/td>\n<td>4-1<\/td>\n<td>0<\/td>\n<td>4-1<\/td>\n<\/tr>\n<tr>\n<td style=\"text-align: left;\">Partido con m\u00e1s goles<\/td>\n<td>6<\/td>\n<td>6<\/td>\n<td>4<\/td>\n<\/tr>\n<tr>\n<td style=\"text-align: left;\">Remontadas a favor<\/td>\n<td>3<\/td>\n<td>1<\/td>\n<td>2<\/td>\n<\/tr>\n<tr>\n<td style=\"text-align: left;\">Remontadas en contra<\/td>\n<td>0<\/td>\n<td>0<\/td>\n<td>0<\/td>\n<\/tr>\n<tr>\n<td style=\"text-align: left;\">Tarjetas amarillas<\/td>\n<td>19<\/td>\n<td>5<\/td>\n<td>14<\/td>\n<\/tr>\n<tr>\n<td style=\"text-align: left;\">Doble amarilla (roja)<\/td>\n<td>1<\/td>\n<td>0<\/td>\n<td>1<\/td>\n<\/tr>\n<tr>\n<td style=\"text-align: left;\">Rojas directas<\/td>\n<td>0<\/td>\n<td>0<\/td>\n<td>0<\/td>\n<\/tr>\n<tr>\n<td style=\"text-align: left;\">Penaltis a favor<\/td>\n<td>3<\/td>\n<td>0<\/td>\n<td>3<\/td>\n<\/tr>\n<tr>\n<td style=\"text-align: left;\">Penaltis a favor (marcados)<\/td>\n<td>2<\/td>\n<td>0<\/td>\n<td>2<\/td>\n<\/tr>\n<tr>\n<td style=\"text-align: left;\">Penaltis a favor (fallados)<\/td>\n<td>1<\/td>\n<td>0<\/td>\n<td>1<\/td>\n<\/tr>\n<tr>\n<td style=\"text-align: left;\">Penaltis en contra<\/td>\n<td>3<\/td>\n<td>0<\/td>\n<td>3<\/td>\n<\/tr>\n<tr>\n<td style=\"text-align: left;\">Penaltis en contra (marcados)<\/td>\n<td>2<\/td>\n<td>0<\/td>\n<td>2<\/td>\n<\/tr>\n<tr>\n<td style=\"text-align: left;\">Penaltis en contra (fallados)<\/td>\n<td>1<\/td>\n<td>0<\/td>\n<td>1<\/td>\n<\/tr>\n<\/tbody>\n<\/table>\n<\/div>\n<p><strong>*Actualizado 09-11-2025 &#8211; Celta Vigo 2-4 FC Barcelona &#8211; LaLiga 25\/26 Jornada 12<\/strong><!-- Enlaces relacionados espec\u00edficos de LaLiga --><\/p>\n<div class=\"fcbn-related-cards\">\n<h3>Enlaces relacionados<\/h3>\n<div class=\"fcbn-card-grid\"><a class=\"fcbn-card\" href=\"https:\/\/www.fcbarcelonanoticias.com\/calendario-fcbarcelona-laliga.html\">Calendario FC\u00a0Barcelona LaLiga 2025\u201126<\/a> <a class=\"fcbn-card\" href=\"https:\/\/www.fcbarcelonanoticias.com\/resultados-fcbarcelona-laliga.html\">Resultados FC\u00a0Barcelona LaLiga 2025\u201126<\/a> <a class=\"fcbn-card\" href=\"https:\/\/www.fcbarcelonanoticias.com\/horarios-y-tv-fcbarcelona-laliga.html\">Horarios y TV FC\u00a0Barcelona LaLiga 2025\u201126<\/a> <a class=\"fcbn-card\" href=\"https:\/\/www.fcbarcelonanoticias.com\/entradas-fcbarcelona-laliga.html\">Entradas FC\u00a0Barcelona LaLiga 2025\u201126<\/a> <a class=\"fcbn-card\" href=\"https:\/\/www.fcbarcelonanoticias.com\/laliga-calendario.html\">Calendario y resultados LaLiga 2025\u201126<\/a> <a class=\"fcbn-card\" href=\"https:\/\/www.fcbarcelonanoticias.com\/laliga-clasificacion.html\">Clasificaci\u00f3n LaLiga 2025\u201126<\/a><\/div>\n<\/div>\n<p><!-- Datos estructurados: breadcrumbs y temporada --><\/p>\n<\/div>\n<\/div>\n<\/div>\n<\/div>\n<\/div>\n","protected":false},"excerpt":{"rendered":"<p>Bar\u00e7a LaLiga Champions Copa Estad\u00edsticas del FC\u00a0Barcelona en\u00a0LaLiga\u00a02025\/26 En esta p\u00e1gina encontrar\u00e1s el resumen completo de las estad\u00edsticas del FC\u00a0Barcelona en la LaLiga EA\u00a0Sports 2025\u201126. Se incluyen partidos jugados, victorias, empates y derrotas, as\u00ed como goles a favor y en contra, tanto en casa como a domicilio. Navega por el men\u00fa superior para consultar las [&hellip;]<\/p>\n","protected":false},"author":1,"featured_media":0,"parent":0,"menu_order":0,"comment_status":"open","ping_status":"open","template":"","meta":{"_acf_changed":false,"inline_featured_image":false,"_nextfly_llmd_date_locked":false,"footnotes":""},"class_list":["post-59424","page","type-page","status-publish","hentry"],"acf":[],"yoast_head":"<!-- This site is optimized with the Yoast SEO plugin v27.3 - https:\/\/yoast.com\/product\/yoast-seo-wordpress\/ -->\n<title>FC Barcelona Statistics | LaLiga EA Sports 2025-26<\/title>\n<meta name=\"description\" content=\"Discover the key statistics of FC Barcelona in LaLiga 25-26: matches, results, top scorers, standings, and much more!\" \/>\n<meta name=\"robots\" content=\"index, follow, max-snippet:-1, max-image-preview:large, max-video-preview:-1\" \/>\n<link rel=\"canonical\" href=\"https:\/\/www.fcbarcelonanoticias.com\/en\/fc-barcelona-statistics-laliga-2025-26.html\" \/>\n<meta property=\"og:locale\" content=\"en_US\" \/>\n<meta property=\"og:type\" content=\"article\" \/>\n<meta property=\"og:title\" content=\"FC Barcelona Statistics | LaLiga EA Sports 2025-26\" \/>\n<meta property=\"og:description\" content=\"Discover the key statistics of FC Barcelona in LaLiga 25-26: matches, results, top scorers, standings, and much more!\" \/>\n<meta property=\"og:url\" content=\"https:\/\/www.fcbarcelonanoticias.com\/en\/fc-barcelona-statistics-laliga-2025-26.html\" \/>\n<meta property=\"og:site_name\" content=\"EN - FC Barcelona Noticias\" \/>\n<meta property=\"article:modified_time\" content=\"2026-03-31T06:46:03+00:00\" \/>\n<meta name=\"twitter:card\" content=\"summary_large_image\" \/>\n<meta name=\"twitter:label1\" content=\"Est. reading time\" \/>\n\t<meta name=\"twitter:data1\" content=\"3 minutes\" \/>\n<script type=\"application\/ld+json\" class=\"yoast-schema-graph\">{\"@context\":\"https:\\\/\\\/schema.org\",\"@graph\":[{\"@type\":\"WebPage\",\"@id\":\"https:\\\/\\\/www.fcbarcelonanoticias.com\\\/en\\\/fc-barcelona-statistics-laliga-2025-26.html\",\"url\":\"https:\\\/\\\/www.fcbarcelonanoticias.com\\\/en\\\/fc-barcelona-statistics-laliga-2025-26.html\",\"name\":\"FC Barcelona Statistics | LaLiga EA Sports 2025-26\",\"isPartOf\":{\"@id\":\"https:\\\/\\\/www.fcbarcelonanoticias.com\\\/en\\\/#website\"},\"datePublished\":\"2026-03-23T09:55:10+00:00\",\"dateModified\":\"2026-03-31T06:46:03+00:00\",\"description\":\"Discover the key statistics of FC Barcelona in LaLiga 25-26: matches, results, top scorers, standings, and much more!\",\"breadcrumb\":{\"@id\":\"https:\\\/\\\/www.fcbarcelonanoticias.com\\\/en\\\/fc-barcelona-statistics-laliga-2025-26.html#breadcrumb\"},\"inLanguage\":\"en-US\",\"potentialAction\":[{\"@type\":\"ReadAction\",\"target\":[\"https:\\\/\\\/www.fcbarcelonanoticias.com\\\/en\\\/fc-barcelona-statistics-laliga-2025-26.html\"]}]},{\"@type\":\"BreadcrumbList\",\"@id\":\"https:\\\/\\\/www.fcbarcelonanoticias.com\\\/en\\\/fc-barcelona-statistics-laliga-2025-26.html#breadcrumb\",\"itemListElement\":[{\"@type\":\"ListItem\",\"position\":1,\"name\":\"Portada\",\"item\":\"https:\\\/\\\/www.fcbarcelonanoticias.com\\\/en\\\/\"},{\"@type\":\"ListItem\",\"position\":2,\"name\":\"Estad\u00edsticas del FC\u00a0Barcelona en\u00a0LaLiga\u00a02025\\\/26\"}]},{\"@type\":\"WebSite\",\"@id\":\"https:\\\/\\\/www.fcbarcelonanoticias.com\\\/en\\\/#website\",\"url\":\"https:\\\/\\\/www.fcbarcelonanoticias.com\\\/en\\\/\",\"name\":\"EN - FC Barcelona Noticias\",\"description\":\"\",\"potentialAction\":[{\"@type\":\"SearchAction\",\"target\":{\"@type\":\"EntryPoint\",\"urlTemplate\":\"https:\\\/\\\/www.fcbarcelonanoticias.com\\\/en\\\/?s={search_term_string}\"},\"query-input\":{\"@type\":\"PropertyValueSpecification\",\"valueRequired\":true,\"valueName\":\"search_term_string\"}}],\"inLanguage\":\"en-US\"}]}<\/script>\n<!-- \/ Yoast SEO plugin. -->","yoast_head_json":{"title":"FC Barcelona Statistics | LaLiga EA Sports 2025-26","description":"Discover the key statistics of FC Barcelona in LaLiga 25-26: matches, results, top scorers, standings, and much more!","robots":{"index":"index","follow":"follow","max-snippet":"max-snippet:-1","max-image-preview":"max-image-preview:large","max-video-preview":"max-video-preview:-1"},"canonical":"https:\/\/www.fcbarcelonanoticias.com\/en\/fc-barcelona-statistics-laliga-2025-26.html","og_locale":"en_US","og_type":"article","og_title":"FC Barcelona Statistics | LaLiga EA Sports 2025-26","og_description":"Discover the key statistics of FC Barcelona in LaLiga 25-26: matches, results, top scorers, standings, and much more!","og_url":"https:\/\/www.fcbarcelonanoticias.com\/en\/fc-barcelona-statistics-laliga-2025-26.html","og_site_name":"EN - FC Barcelona Noticias","article_modified_time":"2026-03-31T06:46:03+00:00","twitter_card":"summary_large_image","twitter_misc":{"Est. reading time":"3 minutes"},"schema":{"@context":"https:\/\/schema.org","@graph":[{"@type":"WebPage","@id":"https:\/\/www.fcbarcelonanoticias.com\/en\/fc-barcelona-statistics-laliga-2025-26.html","url":"https:\/\/www.fcbarcelonanoticias.com\/en\/fc-barcelona-statistics-laliga-2025-26.html","name":"FC Barcelona Statistics | LaLiga EA Sports 2025-26","isPartOf":{"@id":"https:\/\/www.fcbarcelonanoticias.com\/en\/#website"},"datePublished":"2026-03-23T09:55:10+00:00","dateModified":"2026-03-31T06:46:03+00:00","description":"Discover the key statistics of FC Barcelona in LaLiga 25-26: matches, results, top scorers, standings, and much more!","breadcrumb":{"@id":"https:\/\/www.fcbarcelonanoticias.com\/en\/fc-barcelona-statistics-laliga-2025-26.html#breadcrumb"},"inLanguage":"en-US","potentialAction":[{"@type":"ReadAction","target":["https:\/\/www.fcbarcelonanoticias.com\/en\/fc-barcelona-statistics-laliga-2025-26.html"]}]},{"@type":"BreadcrumbList","@id":"https:\/\/www.fcbarcelonanoticias.com\/en\/fc-barcelona-statistics-laliga-2025-26.html#breadcrumb","itemListElement":[{"@type":"ListItem","position":1,"name":"Portada","item":"https:\/\/www.fcbarcelonanoticias.com\/en\/"},{"@type":"ListItem","position":2,"name":"Estad\u00edsticas del FC\u00a0Barcelona en\u00a0LaLiga\u00a02025\/26"}]},{"@type":"WebSite","@id":"https:\/\/www.fcbarcelonanoticias.com\/en\/#website","url":"https:\/\/www.fcbarcelonanoticias.com\/en\/","name":"EN - FC Barcelona Noticias","description":"","potentialAction":[{"@type":"SearchAction","target":{"@type":"EntryPoint","urlTemplate":"https:\/\/www.fcbarcelonanoticias.com\/en\/?s={search_term_string}"},"query-input":{"@type":"PropertyValueSpecification","valueRequired":true,"valueName":"search_term_string"}}],"inLanguage":"en-US"}]}},"_links":{"self":[{"href":"https:\/\/www.fcbarcelonanoticias.com\/en\/wp-json\/wp\/v2\/pages\/59424","targetHints":{"allow":["GET"]}}],"collection":[{"href":"https:\/\/www.fcbarcelonanoticias.com\/en\/wp-json\/wp\/v2\/pages"}],"about":[{"href":"https:\/\/www.fcbarcelonanoticias.com\/en\/wp-json\/wp\/v2\/types\/page"}],"author":[{"embeddable":true,"href":"https:\/\/www.fcbarcelonanoticias.com\/en\/wp-json\/wp\/v2\/users\/1"}],"replies":[{"embeddable":true,"href":"https:\/\/www.fcbarcelonanoticias.com\/en\/wp-json\/wp\/v2\/comments?post=59424"}],"version-history":[{"count":2,"href":"https:\/\/www.fcbarcelonanoticias.com\/en\/wp-json\/wp\/v2\/pages\/59424\/revisions"}],"predecessor-version":[{"id":163069,"href":"https:\/\/www.fcbarcelonanoticias.com\/en\/wp-json\/wp\/v2\/pages\/59424\/revisions\/163069"}],"wp:attachment":[{"href":"https:\/\/www.fcbarcelonanoticias.com\/en\/wp-json\/wp\/v2\/media?parent=59424"}],"curies":[{"name":"wp","href":"https:\/\/api.w.org\/{rel}","templated":true}]}}