{"id":59425,"date":"2026-03-23T10:55:11","date_gmt":"2026-03-23T09:55:11","guid":{"rendered":"https:\/\/weisetech.dev\/fc-barcelona-noticias\/en\/fc-barcelona-2025-26-statistics\/"},"modified":"2026-03-31T08:45:26","modified_gmt":"2026-03-31T06:45:26","slug":"fc-barcelona-2025-26-statistics","status":"publish","type":"page","link":"https:\/\/www.fcbarcelonanoticias.com\/en\/fc-barcelona-2025-26-statistics.html","title":{"rendered":"Estad\u00edsticas del FC\u00a0Barcelona \u2013 Temporada\u00a02025\/26"},"content":{"rendered":"<div class=\"calendar-page\">\n<div class=\"row row-content\">\n<div class=\"col-xs-12 col-sm-12 col-md-12 col-lg-12\">\n<div class=\"csl-inner csl-hot\"><!--   Este c\u00f3digo contiene \u00fanicamente el cuerpo (body) de la p\u00e1gina de estad\u00edsticas de la   temporada 2025\u201126. Est\u00e1 pensado para ser insertado dentro del sistema de   plantillas de www.fcbarcelonanoticias.com sin modificar la cabecera ni el pie de   p\u00e1gina globales. Todas las clases y estilos est\u00e1n prefijados con   \"fcbn-statistics\" para evitar conflictos con el CSS existente.  Adem\u00e1s se   incluyen datos estructurados (BreadcrumbList y SportsSeason) para SEO. --><\/p>\n<div class=\"fcbn-statistics\"><!-- Estilos encapsulados para la secci\u00f3n de estad\u00edsticas -->  <!-- Men\u00fa de pesta\u00f1as para las distintas competiciones --><\/p>\n<nav aria-label=\"Men\u00fa de estad\u00edsticas\" class=\"fcbn-statistics-menu\">\n<ul>\n<li><a class=\"active\" href=\"https:\/\/www.fcbarcelonanoticias.com\/estadisticas-fc-barcelona-2025-2026.html\" itemprop=\"url\">Bar\u00e7a<\/a><\/li>\n<li><a href=\"https:\/\/www.fcbarcelonanoticias.com\/estadisticas-fc-barcelona-laliga-2025-26.html\" itemprop=\"url\">LaLiga<\/a><\/li>\n<li><a href=\"https:\/\/www.fcbarcelonanoticias.com\/estadisticas-fc-barcelona-champions-league-2025-26.html\" itemprop=\"url\">Champions<\/a><\/li>\n<li><a href=\"https:\/\/www.fcbarcelonanoticias.com\/estadisticas-fc-barcelona-copa-rey-2025-26.html\" itemprop=\"url\">Copa<\/a><\/li>\n<\/ul>\n<\/nav>\n<p> <!-- T\u00edtulo e introducci\u00f3n --><\/p>\n<h1>Estad\u00edsticas del FC&nbsp;Barcelona \u2013 Temporada&nbsp;2025\/26<\/h1>\n<p>En esta p\u00e1gina encontrar\u00e1s el resumen completo de las estad\u00edsticas del FC&nbsp;Barcelona durante la temporada 2025\u201126 en todas las competiciones oficiales <strong>(LaLiga, Champions, Copa y Supercopa)<\/strong>.<\/p>\n<p>Los datos incluyen <strong>partidos jugados, victorias, empates y derrotas<\/strong>, as\u00ed como goles a favor y en contra tanto en casa como a domicilio, rachas, promedios y mucho m\u00e1s.<strong> <\/strong><strong>Puedes consultar el detalle de cada competici\u00f3n utilizando el men\u00fa superior<\/strong>.<\/p>\n<p><!-- Tabla de estad\u00edsticas --><\/p>\n<div class=\"fcbn-statistics-table-container\" id=\"tabla-estadisticas\">\n<table class=\"fcbn-statistics-table\" itemscope=\"\" itemtype=\"https:\/\/schema.org\/Table\">\n<thead>\n<tr>\n<th itemprop=\"name\">Estad\u00edsticas<br \/>\nprincipales<\/th>\n<th itemprop=\"name\">Temporada<br \/>\n<span class=\"no-break\">2025\/26<\/span><\/th>\n<th itemprop=\"name\">En casa<br \/>\n<span class=\"no-break\">(Local)<\/span><\/th>\n<th itemprop=\"name\">Fuera<br \/>\n<span class=\"no-break\">(Visit)<\/span><\/th>\n<\/tr>\n<\/thead>\n<tbody>\n<tr itemprop=\"about\">\n<td itemprop=\"value\" style=\"text-align: left;\">Partidos jugados<\/td>\n<td itemprop=\"value\">16<\/td>\n<td itemprop=\"value\">7<\/td>\n<td itemprop=\"value\">9<\/td>\n<\/tr>\n<tr itemprop=\"about\">\n<td itemprop=\"value\" style=\"text-align: left;\">Partidos ganados<\/td>\n<td itemprop=\"value\">11<\/td>\n<td itemprop=\"value\">6<\/td>\n<td itemprop=\"value\">5<\/td>\n<\/tr>\n<tr itemprop=\"about\">\n<td itemprop=\"value\" style=\"text-align: left;\">Partidos perdidos<\/td>\n<td itemprop=\"value\">3<\/td>\n<td itemprop=\"value\">1<\/td>\n<td itemprop=\"value\">2<\/td>\n<\/tr>\n<tr itemprop=\"about\">\n<td itemprop=\"value\" style=\"text-align: left;\">Partidos empatados<\/td>\n<td itemprop=\"value\">2<\/td>\n<td itemprop=\"value\">0<\/td>\n<td itemprop=\"value\">2<\/td>\n<\/tr>\n<tr itemprop=\"about\">\n<td itemprop=\"value\" style=\"text-align: left;\">Promedio de partidos ganados<\/td>\n<td itemprop=\"value\">69%<\/td>\n<td itemprop=\"value\">86%<\/td>\n<td itemprop=\"value\">55%<\/td>\n<\/tr>\n<tr itemprop=\"about\">\n<td itemprop=\"value\" style=\"text-align: left;\">Promedio de partidos perdidos<\/td>\n<td itemprop=\"value\">19%<\/td>\n<td itemprop=\"value\">14%<\/td>\n<td itemprop=\"value\">22%<\/td>\n<\/tr>\n<tr itemprop=\"about\">\n<td itemprop=\"value\" style=\"text-align: left;\">Promedio de partidos empatados<\/td>\n<td itemprop=\"value\">12%<\/td>\n<td itemprop=\"value\">0%<\/td>\n<td itemprop=\"value\">23%<\/td>\n<\/tr>\n<tr itemprop=\"about\">\n<td itemprop=\"value\" style=\"text-align: left;\">Goles a favor<\/td>\n<td itemprop=\"value\">44<\/td>\n<td itemprop=\"value\">23<\/td>\n<td itemprop=\"value\">21<\/td>\n<\/tr>\n<tr itemprop=\"about\">\n<td itemprop=\"value\" style=\"text-align: left;\">Promedio de goles a favor<\/td>\n<td itemprop=\"value\">2,75<\/td>\n<td itemprop=\"value\">3,28<\/td>\n<td itemprop=\"value\">2,33<\/td>\n<\/tr>\n<tr itemprop=\"about\">\n<td itemprop=\"value\" style=\"text-align: left;\">Goles en contra<\/td>\n<td itemprop=\"value\">22<\/td>\n<td itemprop=\"value\">6<\/td>\n<td itemprop=\"value\">16<\/td>\n<\/tr>\n<tr itemprop=\"about\">\n<td itemprop=\"value\" style=\"text-align: left;\">Promedio de goles en contra<\/td>\n<td itemprop=\"value\">1,37<\/td>\n<td itemprop=\"value\">0,85<\/td>\n<td itemprop=\"value\">1,77<\/td>\n<\/tr>\n<tr itemprop=\"about\">\n<td itemprop=\"value\" style=\"text-align: left;\">Goles de jugada<\/td>\n<td itemprop=\"value\">31<\/td>\n<td itemprop=\"value\">19<\/td>\n<td itemprop=\"value\">12<\/td>\n<\/tr>\n<tr itemprop=\"about\">\n<td itemprop=\"value\" style=\"text-align: left;\">Goles de cabeza<\/td>\n<td itemprop=\"value\">6<\/td>\n<td itemprop=\"value\">2<\/td>\n<td itemprop=\"value\">4<\/td>\n<\/tr>\n<tr itemprop=\"about\">\n<td itemprop=\"value\" style=\"text-align: left;\">Goles de tiro libre<\/td>\n<td itemprop=\"value\">0<\/td>\n<td itemprop=\"value\">0<\/td>\n<td itemprop=\"value\">0<\/td>\n<\/tr>\n<tr itemprop=\"about\">\n<td itemprop=\"value\" style=\"text-align: left;\">Goles de c\u00f3rner<\/td>\n<td itemprop=\"value\">1<\/td>\n<td itemprop=\"value\">0<\/td>\n<td itemprop=\"value\">1<\/td>\n<\/tr>\n<tr itemprop=\"about\">\n<td itemprop=\"value\" style=\"text-align: left;\">Goles de penalti<\/td>\n<td itemprop=\"value\">4<\/td>\n<td itemprop=\"value\">1<\/td>\n<td itemprop=\"value\">3<\/td>\n<\/tr>\n<tr itemprop=\"about\">\n<td itemprop=\"value\" style=\"text-align: left;\">Goles en propia puerta a favor<\/td>\n<td itemprop=\"value\">2<\/td>\n<td itemprop=\"value\">0<\/td>\n<td itemprop=\"value\">2<\/td>\n<\/tr>\n<tr itemprop=\"about\">\n<td itemprop=\"value\" style=\"text-align: left;\">Goles anulados<\/td>\n<td itemprop=\"value\">0<\/td>\n<td itemprop=\"value\">0<\/td>\n<td itemprop=\"value\">0<\/td>\n<\/tr>\n<tr itemprop=\"about\">\n<td itemprop=\"value\" style=\"text-align: left;\">Tiros al palo<\/td>\n<td itemprop=\"value\">14<\/td>\n<td itemprop=\"value\">5<\/td>\n<td itemprop=\"value\">9<\/td>\n<\/tr>\n<tr itemprop=\"about\">\n<td itemprop=\"value\" style=\"text-align: left;\">Asistencias de gol<\/td>\n<td itemprop=\"value\">26<\/td>\n<td itemprop=\"value\">16<\/td>\n<td itemprop=\"value\">10<\/td>\n<\/tr>\n<tr itemprop=\"about\">\n<td itemprop=\"value\" style=\"text-align: left;\">Partidos seguidos ganando (ACTUAL)<\/td>\n<td itemprop=\"value\">1<\/td>\n<td itemprop=\"value\">3<\/td>\n<td itemprop=\"value\">1<\/td>\n<\/tr>\n<tr itemprop=\"about\">\n<td itemprop=\"value\" style=\"text-align: left;\">Partidos seguidos ganando (R\u00c9CORD)<\/td>\n<td itemprop=\"value\">5<\/td>\n<td itemprop=\"value\">3<\/td>\n<td itemprop=\"value\">3<\/td>\n<\/tr>\n<tr itemprop=\"about\">\n<td itemprop=\"value\" style=\"text-align: left;\">Partidos seguidos perdiendo (ACTUAL)<\/td>\n<td itemprop=\"value\">0<\/td>\n<td itemprop=\"value\">0<\/td>\n<td itemprop=\"value\">0<\/td>\n<\/tr>\n<tr itemprop=\"about\">\n<td itemprop=\"value\" style=\"text-align: left;\">Partidos seguidos perdiendo (R\u00c9CORD)<\/td>\n<td itemprop=\"value\">2<\/td>\n<td itemprop=\"value\">1<\/td>\n<td itemprop=\"value\">2<\/td>\n<\/tr>\n<tr itemprop=\"about\">\n<td itemprop=\"value\" style=\"text-align: left;\">Partidos seguidos empatando (ACTUAL)<\/td>\n<td itemprop=\"value\">0<\/td>\n<td itemprop=\"value\">0<\/td>\n<td itemprop=\"value\">0<\/td>\n<\/tr>\n<tr itemprop=\"about\">\n<td itemprop=\"value\" style=\"text-align: left;\">Partidos seguidos empatando (R\u00c9CORD)<\/td>\n<td itemprop=\"value\">1<\/td>\n<td itemprop=\"value\">0<\/td>\n<td itemprop=\"value\">1<\/td>\n<\/tr>\n<tr itemprop=\"about\">\n<td itemprop=\"value\" style=\"text-align: left;\">Partidos seguidos sin ganar (ACTUAL)<\/td>\n<td itemprop=\"value\">0<\/td>\n<td itemprop=\"value\">0<\/td>\n<td itemprop=\"value\">0<\/td>\n<\/tr>\n<tr itemprop=\"about\">\n<td itemprop=\"value\" style=\"text-align: left;\">Partidos seguidos sin ganar (R\u00c9CORD)<\/td>\n<td itemprop=\"value\">2<\/td>\n<td itemprop=\"value\">1<\/td>\n<td itemprop=\"value\">3<\/td>\n<\/tr>\n<tr itemprop=\"about\">\n<td itemprop=\"value\" style=\"text-align: left;\">Partidos marcando gol (TOTAL)<\/td>\n<td itemprop=\"value\">16<\/td>\n<td itemprop=\"value\">7<\/td>\n<td itemprop=\"value\">9<\/td>\n<\/tr>\n<tr itemprop=\"about\">\n<td itemprop=\"value\" style=\"text-align: left;\">Partidos seguidos marcando gol (ACTUAL)<\/td>\n<td itemprop=\"value\">16<\/td>\n<td itemprop=\"value\">7<\/td>\n<td itemprop=\"value\">9<\/td>\n<\/tr>\n<tr itemprop=\"about\">\n<td itemprop=\"value\" style=\"text-align: left;\">Partidos seguidos marcando gol (R\u00c9CORD)<\/td>\n<td itemprop=\"value\">16<\/td>\n<td itemprop=\"value\">7<\/td>\n<td itemprop=\"value\">9<\/td>\n<\/tr>\n<tr itemprop=\"about\">\n<td itemprop=\"value\" style=\"text-align: left;\">Partidos sin marcar gol (TOTAL)<\/td>\n<td itemprop=\"value\">0<\/td>\n<td itemprop=\"value\">0<\/td>\n<td itemprop=\"value\">0<\/td>\n<\/tr>\n<tr itemprop=\"about\">\n<td itemprop=\"value\" style=\"text-align: left;\">Partidos seguidos sin marcar gol (ACTUAL)<\/td>\n<td itemprop=\"value\">0<\/td>\n<td itemprop=\"value\">0<\/td>\n<td itemprop=\"value\">0<\/td>\n<\/tr>\n<tr itemprop=\"about\">\n<td itemprop=\"value\" style=\"text-align: left;\">Partidos seguidos sin marcar gol (R\u00c9CORD)<\/td>\n<td itemprop=\"value\">0<\/td>\n<td itemprop=\"value\">0<\/td>\n<td itemprop=\"value\">0<\/td>\n<\/tr>\n<tr itemprop=\"about\">\n<td itemprop=\"value\" style=\"text-align: left;\">Partidos sin goles en contra (TOTAL)<\/td>\n<td itemprop=\"value\">3<\/td>\n<td itemprop=\"value\">2<\/td>\n<td itemprop=\"value\">1<\/td>\n<\/tr>\n<tr itemprop=\"about\">\n<td itemprop=\"value\" style=\"text-align: left;\">Partidos seguidos sin goles en contra (ACTUAL)<\/td>\n<td itemprop=\"value\">0<\/td>\n<td itemprop=\"value\">0<\/td>\n<td itemprop=\"value\">0<\/td>\n<\/tr>\n<tr itemprop=\"about\">\n<td itemprop=\"value\" style=\"text-align: left;\">Partidos seguidos sin goles en contra (R\u00c9CORD)<\/td>\n<td itemprop=\"value\">1<\/td>\n<td itemprop=\"value\">1<\/td>\n<td itemprop=\"value\">1<\/td>\n<\/tr>\n<tr itemprop=\"about\">\n<td itemprop=\"value\" style=\"text-align: left;\">Partidos con goles en contra (TOTAL)<\/td>\n<td itemprop=\"value\">13<\/td>\n<td itemprop=\"value\">5<\/td>\n<td itemprop=\"value\">8<\/td>\n<\/tr>\n<tr itemprop=\"about\">\n<td itemprop=\"value\" style=\"text-align: left;\">Partidos seguidos con goles en contra (ACTUAL)<\/td>\n<td itemprop=\"value\">10<\/td>\n<td itemprop=\"value\">5<\/td>\n<td itemprop=\"value\">8<\/td>\n<\/tr>\n<tr itemprop=\"about\">\n<td itemprop=\"value\" style=\"text-align: left;\">Partidos seguidos con goles en contra (R\u00c9CORD)<\/td>\n<td itemprop=\"value\">10<\/td>\n<td itemprop=\"value\">4<\/td>\n<td itemprop=\"value\">8<\/td>\n<\/tr>\n<tr itemprop=\"about\">\n<td itemprop=\"value\" style=\"text-align: left;\">Mayor victoria<\/td>\n<td itemprop=\"value\">6-0<\/td>\n<td itemprop=\"value\">6-0<\/td>\n<td itemprop=\"value\">2-4<\/td>\n<\/tr>\n<tr itemprop=\"about\">\n<td itemprop=\"value\" style=\"text-align: left;\">Mayor derrota<\/td>\n<td itemprop=\"value\">4-1<\/td>\n<td itemprop=\"value\">0<\/td>\n<td itemprop=\"value\">4-1<\/td>\n<\/tr>\n<tr itemprop=\"about\">\n<td itemprop=\"value\" style=\"text-align: left;\">Partido con m\u00e1s goles<\/td>\n<td itemprop=\"value\">6 (x2)<\/td>\n<td itemprop=\"value\">6 (x2)<\/td>\n<td itemprop=\"value\">4<\/td>\n<\/tr>\n<tr itemprop=\"about\">\n<td itemprop=\"value\" style=\"text-align: left;\">Remontadas a favor<\/td>\n<td itemprop=\"value\">3<\/td>\n<td itemprop=\"value\">1<\/td>\n<td itemprop=\"value\">2<\/td>\n<\/tr>\n<tr itemprop=\"about\">\n<td itemprop=\"value\" style=\"text-align: left;\">Remontadas en contra<\/td>\n<td itemprop=\"value\">1<\/td>\n<td itemprop=\"value\">1<\/td>\n<td itemprop=\"value\">0<\/td>\n<\/tr>\n<tr itemprop=\"about\">\n<td itemprop=\"value\" style=\"text-align: left;\">Tarjetas amarillas<\/td>\n<td itemprop=\"value\">31<\/td>\n<td itemprop=\"value\">9<\/td>\n<td itemprop=\"value\">22<\/td>\n<\/tr>\n<tr itemprop=\"about\">\n<td itemprop=\"value\" style=\"text-align: left;\">Doble amarilla (roja)<\/td>\n<td itemprop=\"value\">1<\/td>\n<td itemprop=\"value\">0<\/td>\n<td itemprop=\"value\">1<\/td>\n<\/tr>\n<tr itemprop=\"about\">\n<td itemprop=\"value\" style=\"text-align: left;\">Rojas directas<\/td>\n<td itemprop=\"value\">0<\/td>\n<td itemprop=\"value\">0<\/td>\n<td itemprop=\"value\">0<\/td>\n<\/tr>\n<tr itemprop=\"about\">\n<td itemprop=\"value\" style=\"text-align: left;\">Penaltis a favor<\/td>\n<td itemprop=\"value\">4<\/td>\n<td itemprop=\"value\">1<\/td>\n<td itemprop=\"value\">3<\/td>\n<\/tr>\n<tr itemprop=\"about\">\n<td itemprop=\"value\" style=\"text-align: left;\">Penaltis a favor (marcados)<\/td>\n<td itemprop=\"value\">3<\/td>\n<td itemprop=\"value\">1<\/td>\n<td itemprop=\"value\">2<\/td>\n<\/tr>\n<tr itemprop=\"about\">\n<td itemprop=\"value\" style=\"text-align: left;\">Penaltis a favor (fallados)<\/td>\n<td itemprop=\"value\">1<\/td>\n<td itemprop=\"value\">0<\/td>\n<td itemprop=\"value\">1<\/td>\n<\/tr>\n<tr itemprop=\"about\">\n<td itemprop=\"value\" style=\"text-align: left;\">Penaltis en contra<\/td>\n<td itemprop=\"value\">4<\/td>\n<td itemprop=\"value\">1<\/td>\n<td itemprop=\"value\">3<\/td>\n<\/tr>\n<tr itemprop=\"about\">\n<td itemprop=\"value\" style=\"text-align: left;\">Penaltis en contra (marcados)<\/td>\n<td itemprop=\"value\">3<\/td>\n<td itemprop=\"value\">1<\/td>\n<td itemprop=\"value\">2<\/td>\n<\/tr>\n<tr itemprop=\"about\">\n<td itemprop=\"value\" style=\"text-align: left;\">Penaltis en contra (fallados)<\/td>\n<td itemprop=\"value\">1<\/td>\n<td itemprop=\"value\">0<\/td>\n<td itemprop=\"value\">1<\/td>\n<\/tr>\n<\/tbody>\n<\/table>\n<\/div>\n<p><strong>*Actualizado 09-11-2025 &#8211; Celta Vigo 2-4 FC Barcelona &#8211; LaLiga 25\/26 &#8211; Jornada 12<\/strong><!-- Enlaces relacionados en formato tarjeta --><\/p>\n<div class=\"fcbn-related-cards\">\n<h3>Enlaces relacionados<\/h3>\n<div class=\"fcbn-card-grid\"><a class=\"fcbn-card\" href=\"https:\/\/www.fcbarcelonanoticias.com\/calendario-fcbarcelona.html\">Calendario FC&nbsp;Barcelona 2025\u201126<\/a> <a class=\"fcbn-card\" href=\"https:\/\/www.fcbarcelonanoticias.com\/resultados-fcbarcelona.html\">Resultados FC&nbsp;Barcelona 2025\u201126<\/a> <a class=\"fcbn-card\" href=\"https:\/\/www.fcbarcelonanoticias.com\/horarios-y-tv-fcbarcelona.html\">Horarios y TV FC&nbsp;Barcelona 2025\u201126<\/a> <a class=\"fcbn-card\" href=\"https:\/\/www.fcbarcelonanoticias.com\/jugadores-fcbarcelona.html\">Plantilla FC&nbsp;Barcelona 2025\u201126<\/a> <a class=\"fcbn-card\" href=\"https:\/\/www.fcbarcelonanoticias.com\/entradas-fcbarcelona.html\">Entradas para el FC&nbsp;Barcelona 2025\u201126<\/a> <a class=\"fcbn-card\" href=\"https:\/\/www.fcbarcelonanoticias.com\/tags\/estadisticas.html\">\u00daltimas noticias de estad\u00edsticas<\/a><\/div>\n<\/div>\n<p><!-- Datos estructurados: breadcrumbs y temporada --><\/div>\n<\/div>\n<\/div>\n<\/div>\n<\/div>\n","protected":false},"excerpt":{"rendered":"<p>Bar\u00e7a LaLiga Champions Copa Estad\u00edsticas del FC&nbsp;Barcelona \u2013 Temporada&nbsp;2025\/26 En esta p\u00e1gina encontrar\u00e1s el resumen completo de las estad\u00edsticas del FC&nbsp;Barcelona durante la temporada 2025\u201126 en todas las competiciones oficiales (LaLiga, Champions, Copa y Supercopa). Los datos incluyen partidos jugados, victorias, empates y derrotas, as\u00ed como goles a favor y en contra tanto en casa [&hellip;]<\/p>\n","protected":false},"author":1,"featured_media":0,"parent":0,"menu_order":0,"comment_status":"open","ping_status":"open","template":"","meta":{"_acf_changed":false,"inline_featured_image":false,"_nextfly_llmd_date_locked":false,"footnotes":""},"class_list":["post-59425","page","type-page","status-publish","hentry"],"acf":[],"yoast_head":"<!-- This site is optimized with the Yoast SEO plugin v27.3 - https:\/\/yoast.com\/product\/yoast-seo-wordpress\/ -->\n<title>FC Barcelona 2025-26 Statistics | League, Cup, Champions League<\/title>\n<meta name=\"description\" content=\"Discover the key statistics of FC Barcelona in the 2025-26 season: matches played, results, and goals by League, Cup, Champions League, and Super Cup.\" \/>\n<meta name=\"robots\" content=\"index, follow, max-snippet:-1, max-image-preview:large, max-video-preview:-1\" \/>\n<link rel=\"canonical\" href=\"https:\/\/www.fcbarcelonanoticias.com\/en\/fc-barcelona-2025-26-statistics.html\" \/>\n<meta property=\"og:locale\" content=\"en_US\" \/>\n<meta property=\"og:type\" content=\"article\" \/>\n<meta property=\"og:title\" content=\"FC Barcelona 2025-26 Statistics | League, Cup, Champions League\" \/>\n<meta property=\"og:description\" content=\"Discover the key statistics of FC Barcelona in the 2025-26 season: matches played, results, and goals by League, Cup, Champions League, and Super Cup.\" \/>\n<meta property=\"og:url\" content=\"https:\/\/www.fcbarcelonanoticias.com\/en\/fc-barcelona-2025-26-statistics.html\" \/>\n<meta property=\"og:site_name\" content=\"EN - FC Barcelona Noticias\" \/>\n<meta property=\"article:modified_time\" content=\"2026-03-31T06:45:26+00:00\" \/>\n<meta name=\"twitter:card\" content=\"summary_large_image\" \/>\n<meta name=\"twitter:label1\" content=\"Est. reading time\" \/>\n\t<meta name=\"twitter:data1\" content=\"3 minutes\" \/>\n<script type=\"application\/ld+json\" class=\"yoast-schema-graph\">{\"@context\":\"https:\\\/\\\/schema.org\",\"@graph\":[{\"@type\":\"WebPage\",\"@id\":\"https:\\\/\\\/www.fcbarcelonanoticias.com\\\/en\\\/fc-barcelona-2025-26-statistics.html\",\"url\":\"https:\\\/\\\/www.fcbarcelonanoticias.com\\\/en\\\/fc-barcelona-2025-26-statistics.html\",\"name\":\"FC Barcelona 2025-26 Statistics | League, Cup, Champions League\",\"isPartOf\":{\"@id\":\"https:\\\/\\\/www.fcbarcelonanoticias.com\\\/en\\\/#website\"},\"datePublished\":\"2026-03-23T09:55:11+00:00\",\"dateModified\":\"2026-03-31T06:45:26+00:00\",\"description\":\"Discover the key statistics of FC Barcelona in the 2025-26 season: matches played, results, and goals by League, Cup, Champions League, and Super Cup.\",\"breadcrumb\":{\"@id\":\"https:\\\/\\\/www.fcbarcelonanoticias.com\\\/en\\\/fc-barcelona-2025-26-statistics.html#breadcrumb\"},\"inLanguage\":\"en-US\",\"potentialAction\":[{\"@type\":\"ReadAction\",\"target\":[\"https:\\\/\\\/www.fcbarcelonanoticias.com\\\/en\\\/fc-barcelona-2025-26-statistics.html\"]}]},{\"@type\":\"BreadcrumbList\",\"@id\":\"https:\\\/\\\/www.fcbarcelonanoticias.com\\\/en\\\/fc-barcelona-2025-26-statistics.html#breadcrumb\",\"itemListElement\":[{\"@type\":\"ListItem\",\"position\":1,\"name\":\"Portada\",\"item\":\"https:\\\/\\\/www.fcbarcelonanoticias.com\\\/en\\\/\"},{\"@type\":\"ListItem\",\"position\":2,\"name\":\"Estad\u00edsticas del FC\u00a0Barcelona \u2013 Temporada\u00a02025\\\/26\"}]},{\"@type\":\"WebSite\",\"@id\":\"https:\\\/\\\/www.fcbarcelonanoticias.com\\\/en\\\/#website\",\"url\":\"https:\\\/\\\/www.fcbarcelonanoticias.com\\\/en\\\/\",\"name\":\"EN - FC Barcelona Noticias\",\"description\":\"\",\"potentialAction\":[{\"@type\":\"SearchAction\",\"target\":{\"@type\":\"EntryPoint\",\"urlTemplate\":\"https:\\\/\\\/www.fcbarcelonanoticias.com\\\/en\\\/?s={search_term_string}\"},\"query-input\":{\"@type\":\"PropertyValueSpecification\",\"valueRequired\":true,\"valueName\":\"search_term_string\"}}],\"inLanguage\":\"en-US\"}]}<\/script>\n<!-- \/ Yoast SEO plugin. -->","yoast_head_json":{"title":"FC Barcelona 2025-26 Statistics | League, Cup, Champions League","description":"Discover the key statistics of FC Barcelona in the 2025-26 season: matches played, results, and goals by League, Cup, Champions League, and Super Cup.","robots":{"index":"index","follow":"follow","max-snippet":"max-snippet:-1","max-image-preview":"max-image-preview:large","max-video-preview":"max-video-preview:-1"},"canonical":"https:\/\/www.fcbarcelonanoticias.com\/en\/fc-barcelona-2025-26-statistics.html","og_locale":"en_US","og_type":"article","og_title":"FC Barcelona 2025-26 Statistics | League, Cup, Champions League","og_description":"Discover the key statistics of FC Barcelona in the 2025-26 season: matches played, results, and goals by League, Cup, Champions League, and Super Cup.","og_url":"https:\/\/www.fcbarcelonanoticias.com\/en\/fc-barcelona-2025-26-statistics.html","og_site_name":"EN - FC Barcelona Noticias","article_modified_time":"2026-03-31T06:45:26+00:00","twitter_card":"summary_large_image","twitter_misc":{"Est. reading time":"3 minutes"},"schema":{"@context":"https:\/\/schema.org","@graph":[{"@type":"WebPage","@id":"https:\/\/www.fcbarcelonanoticias.com\/en\/fc-barcelona-2025-26-statistics.html","url":"https:\/\/www.fcbarcelonanoticias.com\/en\/fc-barcelona-2025-26-statistics.html","name":"FC Barcelona 2025-26 Statistics | League, Cup, Champions League","isPartOf":{"@id":"https:\/\/www.fcbarcelonanoticias.com\/en\/#website"},"datePublished":"2026-03-23T09:55:11+00:00","dateModified":"2026-03-31T06:45:26+00:00","description":"Discover the key statistics of FC Barcelona in the 2025-26 season: matches played, results, and goals by League, Cup, Champions League, and Super Cup.","breadcrumb":{"@id":"https:\/\/www.fcbarcelonanoticias.com\/en\/fc-barcelona-2025-26-statistics.html#breadcrumb"},"inLanguage":"en-US","potentialAction":[{"@type":"ReadAction","target":["https:\/\/www.fcbarcelonanoticias.com\/en\/fc-barcelona-2025-26-statistics.html"]}]},{"@type":"BreadcrumbList","@id":"https:\/\/www.fcbarcelonanoticias.com\/en\/fc-barcelona-2025-26-statistics.html#breadcrumb","itemListElement":[{"@type":"ListItem","position":1,"name":"Portada","item":"https:\/\/www.fcbarcelonanoticias.com\/en\/"},{"@type":"ListItem","position":2,"name":"Estad\u00edsticas del FC\u00a0Barcelona \u2013 Temporada\u00a02025\/26"}]},{"@type":"WebSite","@id":"https:\/\/www.fcbarcelonanoticias.com\/en\/#website","url":"https:\/\/www.fcbarcelonanoticias.com\/en\/","name":"EN - FC Barcelona Noticias","description":"","potentialAction":[{"@type":"SearchAction","target":{"@type":"EntryPoint","urlTemplate":"https:\/\/www.fcbarcelonanoticias.com\/en\/?s={search_term_string}"},"query-input":{"@type":"PropertyValueSpecification","valueRequired":true,"valueName":"search_term_string"}}],"inLanguage":"en-US"}]}},"_links":{"self":[{"href":"https:\/\/www.fcbarcelonanoticias.com\/en\/wp-json\/wp\/v2\/pages\/59425","targetHints":{"allow":["GET"]}}],"collection":[{"href":"https:\/\/www.fcbarcelonanoticias.com\/en\/wp-json\/wp\/v2\/pages"}],"about":[{"href":"https:\/\/www.fcbarcelonanoticias.com\/en\/wp-json\/wp\/v2\/types\/page"}],"author":[{"embeddable":true,"href":"https:\/\/www.fcbarcelonanoticias.com\/en\/wp-json\/wp\/v2\/users\/1"}],"replies":[{"embeddable":true,"href":"https:\/\/www.fcbarcelonanoticias.com\/en\/wp-json\/wp\/v2\/comments?post=59425"}],"version-history":[{"count":2,"href":"https:\/\/www.fcbarcelonanoticias.com\/en\/wp-json\/wp\/v2\/pages\/59425\/revisions"}],"predecessor-version":[{"id":163068,"href":"https:\/\/www.fcbarcelonanoticias.com\/en\/wp-json\/wp\/v2\/pages\/59425\/revisions\/163068"}],"wp:attachment":[{"href":"https:\/\/www.fcbarcelonanoticias.com\/en\/wp-json\/wp\/v2\/media?parent=59425"}],"curies":[{"name":"wp","href":"https:\/\/api.w.org\/{rel}","templated":true}]}}